{"id":762,"date":"2024-08-14T09:44:18","date_gmt":"2024-08-14T09:44:18","guid":{"rendered":"https:\/\/totobaggu.com\/?post_type=product&#038;p=762"},"modified":"2024-10-21T09:36:12","modified_gmt":"2024-10-21T09:36:12","slug":"moc-khoa-vai-in-theo-yeu-cau","status":"publish","type":"product","link":"https:\/\/totobaggu.com\/?product=moc-khoa-vai-in-theo-yeu-cau","title":{"rendered":"M\u00f3c Kho\u00e1 V\u1ea3i &#8211; D\u00e2y Strap In Theo Y\u00eau C\u1ea7u"},"content":{"rendered":"<p><b>M\u00d3C KHO\u00c1 V\u1ea2I &#8211; D\u00c2Y STRAP IN THEO Y\u00caU C\u1ea6U<\/b><\/p>\n<ul>\n<li><b>K\u00edch th\u01b0\u1edbc:<\/b>\u00a0d\u00e2y g\u1eadp ngang 13 x r\u1ed9ng 2.5cm<\/li>\n<li><b>Ch\u1ea5t li\u1ec7u:<\/b> d\u00e2y v\u1ea3i, m\u00f3c kho\u00e1 c\u00e0ng cua &amp; \u0111inh inox<\/li>\n<li><b>\u0110\u1eb7c \u0111i\u1ec3m:\u00a0<\/b>c\u00f3 th\u1ec3 d\u00f9ng m\u00f3c kho\u00e1, treo t\u00fai x\u00e1ch, bal\u00f4, treo th\u1ebb&#8230;<\/li>\n<\/ul>\n<p>*M\u00ecnh in \u0111\u01a1n t\u1ed1i thi\u1ec3u 2 m\u00f3c kho\u00e1 ho\u1eb7c 1 m\u00f3c kho\u00e1 n\u1ebfu \u0111\u1eb7t c\u00f9ng s\u1ea3n ph\u1ea9m kh\u00e1c.<\/p>\n<p>B\u1ea1n c\u00f3 th\u1ec3 thay \u0111\u1ed5i m\u00e0u n\u1ec1n, n\u1ed9i dung ch\u1eef tr\u00ean d\u00e2y.<\/p>\n<p><i>*Xin th\u00f4ng c\u1ea3m s\u1ea3n ph\u1ea9m th\u1ef1c t\u1ebf c\u00f3 th\u1ec3 kh\u00e1c m\u00e0u s\u1eafc x\u00edu xiu do \u00e1nh s\u00e1ng ch\u1ee5p kh\u00e1c nhau<\/i><\/p>\n<p><i>*B\u1ea3n in c\u00f3 \u0111\u1ed9 ch\u00ednh x\u00e1c m\u00e0u t\u1eeb 85% tr\u1edf l\u00ean so v\u1edbi demo do ch\u1ea5t l\u01b0\u1ee3ng design ho\u1eb7c sai kh\u00e1c thi\u1ebft b\u1ecb<\/i><\/p>\n<p><i>*Toto.baggu c\u00f3 gi\u00e1 s\u1ec9 cho kh\u00e1ch \u0111\u1eb7t \u0111\u01a1n nh\u00f3m, \u0111\u01a1n doanh nghi\u1ec7p s\u1ed1 l\u01b0\u1ee3ng ch\u1ec9 t\u1eeb 5 chi\u1ebfc<\/i><\/p>\n<p>B\u1ea1n c\u00f3 th\u1ec3 g\u1eedi h\u00ecnh \u1ea3nh in ri\u00eang cho shop qua zalo 0985079243<span class=\"Apple-converted-space\">\u00a0<\/span><\/p>\n<p>VUI L\u00d2NG QUAY CLIP M\u1ede H\u1ed8P \u0110\u1ec2 KHI\u1ebeU N\u1ea0I N\u1ebeU C\u00d3 V\u1ea4N \u0110\u1ec0 X\u1ea2Y RA V\u1ec0 H\u00c0NG.<\/p>\n<p>T\u1eb7ng shop \u2b50\ufe0f\u2b50\ufe0f\u2b50\ufe0f\u2b50\ufe0f\u2b50\ufe0f <a href=\"https:\/\/g.co\/kgs\/BmnmSna\">t\u1ea1i \u0111\u00e2y<\/a> \u0111\u1ec3 nh\u1eadn voucher gi\u1ea3m gi\u00e1 10% cho \u0111\u01a1n h\u00e0ng ti\u1ebfp theo.<\/p>\n","protected":false},"excerpt":{"rendered":"<p>M\u00d3C KHO\u00c1 V\u1ea2I &#8211; D\u00c2Y STRAP IN THEO Y\u00caU C\u1ea6U K\u00edch th\u01b0\u1edbc:\u00a0d\u00e2y g\u1eadp ngang 13 x r\u1ed9ng 2.5cm Ch\u1ea5t li\u1ec7u: d\u00e2y v\u1ea3i, m\u00f3c kho\u00e1 c\u00e0ng cua &amp; \u0111inh inox \u0110\u1eb7c \u0111i\u1ec3m:\u00a0c\u00f3 th\u1ec3 d\u00f9ng m\u00f3c kho\u00e1, treo t\u00fai x\u00e1ch, bal\u00f4, treo th\u1ebb&#8230; *M\u00ecnh in \u0111\u01a1n t\u1ed1i thi\u1ec3u 2 m\u00f3c kho\u00e1 ho\u1eb7c 1 m\u00f3c kho\u00e1 n\u1ebfu \u0111\u1eb7t [&hellip;]<\/p>\n","protected":false},"featured_media":763,"comment_status":"open","ping_status":"closed","template":"","meta":{"_glsr_average":0,"_glsr_ranking":0,"_glsr_reviews":0},"product_cat":[45],"product_tag":[],"class_list":{"0":"post-762","1":"product","2":"type-product","3":"status-publish","4":"has-post-thumbnail","6":"product_cat-san-pham-custom","8":"first","9":"instock","10":"shipping-taxable","11":"purchasable","12":"product-type-simple"},"_links":{"self":[{"href":"https:\/\/totobaggu.com\/index.php?rest_route=\/wp\/v2\/product\/762","targetHints":{"allow":["GET"]}}],"collection":[{"href":"https:\/\/totobaggu.com\/index.php?rest_route=\/wp\/v2\/product"}],"about":[{"href":"https:\/\/totobaggu.com\/index.php?rest_route=\/wp\/v2\/types\/product"}],"replies":[{"embeddable":true,"href":"https:\/\/totobaggu.com\/index.php?rest_route=%2Fwp%2Fv2%2Fcomments&post=762"}],"wp:featuredmedia":[{"embeddable":true,"href":"https:\/\/totobaggu.com\/index.php?rest_route=\/wp\/v2\/media\/763"}],"wp:attachment":[{"href":"https:\/\/totobaggu.com\/index.php?rest_route=%2Fwp%2Fv2%2Fmedia&parent=762"}],"wp:term":[{"taxonomy":"product_cat","embeddable":true,"href":"https:\/\/totobaggu.com\/index.php?rest_route=%2Fwp%2Fv2%2Fproduct_cat&post=762"},{"taxonomy":"product_tag","embeddable":true,"href":"https:\/\/totobaggu.com\/index.php?rest_route=%2Fwp%2Fv2%2Fproduct_tag&post=762"}],"curies":[{"name":"wp","href":"https:\/\/api.w.org\/{rel}","templated":true}]}}