{"id":748,"date":"2024-08-14T09:25:09","date_gmt":"2024-08-14T09:25:09","guid":{"rendered":"https:\/\/totobaggu.com\/?post_type=product&#038;p=748"},"modified":"2025-04-16T06:38:29","modified_gmt":"2025-04-16T06:38:29","slug":"khung-tranh-canvas-in-theo-yeu-cau","status":"publish","type":"product","link":"https:\/\/totobaggu.com\/?product=khung-tranh-canvas-in-theo-yeu-cau","title":{"rendered":"Tranh Canvas In Theo Y\u00eau C\u1ea7u"},"content":{"rendered":"<p><b>TRANH CANVAS IN THEO Y\u00caU C\u1ea6U<\/b><\/p>\n<ul>\n<li><b>K\u00edch th\u01b0\u1edbc:<\/b>\n<ul>\n<li>Size 15x21cm<\/li>\n<li>Size 21x30cm<\/li>\n<li>Size 30x40cm<\/li>\n<li>C\u00f3 nh\u1eadn size ri\u00eang theo y\u00eau c\u1ea7u<\/li>\n<\/ul>\n<\/li>\n<li><b>M\u00e0u s\u1eafc khung:<\/b>\u00a0tu\u1ef3 theo \u0111\u1ee3t<\/li>\n<li><b>Ch\u1ea5t li\u1ec7u in:<\/b> canvas cao c\u1ea5p<\/li>\n<li><b>\u0110\u1eb7c \u0111i\u1ec3m:<\/b>\n<ul>\n<li>size 15&#215;21 \u0111\u1ec3 b\u00e0n \u0111\u00e3 c\u00f3 s\u1eb5n ch\u00e2n \u0111\u1ee9ng<\/li>\n<li>c\u00e1c size c\u00f2n l\u1ea1i \u0111\u1ec3 treo t\u01b0\u1eddng \u0111\u00e3 c\u00f3 s\u1eb5n \u0111inh treo<\/li>\n<\/ul>\n<\/li>\n<\/ul>\n<p>B\u1ea1n c\u00f3 th\u1ec3 in t\u00ean, c\u00e2u quote y\u00eau th\u00edch, h\u00ecnh \u1ea3nh y\u00eau th\u00edch, ho\u1eb7c h\u00ecnh thi\u1ebft k\u1ebf ri\u00eang theo phong c\u00e1ch ho\u1ea1t h\u00ecnh.<\/p>\n<p><i>*Xin th\u00f4ng c\u1ea3m s\u1ea3n ph\u1ea9m th\u1ef1c t\u1ebf c\u00f3 th\u1ec3 kh\u00e1c m\u00e0u s\u1eafc x\u00edu xiu do \u00e1nh s\u00e1ng ch\u1ee5p kh\u00e1c nhau<\/i><\/p>\n<p><i>*B\u1ea3n in c\u00f3 \u0111\u1ed9 ch\u00ednh x\u00e1c m\u00e0u t\u1eeb 85% tr\u1edf l\u00ean so v\u1edbi demo do ch\u1ea5t l\u01b0\u1ee3ng design ho\u1eb7c sai kh\u00e1c thi\u1ebft b\u1ecb<\/i><\/p>\n<p><i>*Toto.baggu c\u00f3 gi\u00e1 s\u1ec9 cho kh\u00e1ch \u0111\u1eb7t tranh nh\u00f3m s\u1ed1 l\u01b0\u1ee3ng ch\u1ec9 t\u1eeb 5 chi\u1ebfc<\/i><\/p>\n<p>B\u1ea1n c\u00f3 th\u1ec3 g\u1eedi h\u00ecnh \u1ea3nh in ri\u00eang cho shop qua zalo 0985079243<span class=\"Apple-converted-space\">\u00a0<\/span><\/p>\n<p>VUI L\u00d2NG QUAY CLIP M\u1ede H\u1ed8P \u0110\u1ec2 KHI\u1ebeU N\u1ea0I N\u1ebeU C\u00d3 V\u1ea4N \u0110\u1ec0 X\u1ea2Y RA V\u1ec0 H\u00c0NG.<\/p>\n<p>T\u1eb7ng shop \u2b50\ufe0f\u2b50\ufe0f\u2b50\ufe0f\u2b50\ufe0f\u2b50\ufe0f <a href=\"https:\/\/g.co\/kgs\/BmnmSna\">t\u1ea1i \u0111\u00e2y<\/a> \u0111\u1ec3 nh\u1eadn voucher gi\u1ea3m gi\u00e1 10% cho \u0111\u01a1n h\u00e0ng ti\u1ebfp theo.<\/p>\n","protected":false},"excerpt":{"rendered":"<ul>\n<li><b>K\u00edch th\u01b0\u1edbc:<\/b>\n<ul>\n<li>Size 15x21cm<\/li>\n<li>Size 21x30cm<\/li>\n<li>Size 30x40cm<\/li>\n<li>C\u00f3 nh\u1eadn size ri\u00eang theo y\u00eau c\u1ea7u<\/li>\n<\/ul>\n<\/li>\n<li><b>M\u00e0u s\u1eafc khung:<\/b>\u00a0tu\u1ef3 theo \u0111\u1ee3t<\/li>\n<li><b>Ch\u1ea5t li\u1ec7u in:<\/b> canvas cao c\u1ea5p<\/li>\n<li><b>\u0110\u1eb7c \u0111i\u1ec3m:<\/b>\n<ul>\n<li>size 15&#215;21 \u0111\u1ec3 b\u00e0n \u0111\u00e3 c\u00f3 s\u1eb5n ch\u00e2n \u0111\u1ee9ng<\/li>\n<li>c\u00e1c size c\u00f2n l\u1ea1i \u0111\u1ec3 treo t\u01b0\u1eddng \u0111\u00e3 c\u00f3 s\u1eb5n \u0111inh treo<\/li>\n<\/ul>\n<\/li>\n<\/ul>\n","protected":false},"featured_media":749,"comment_status":"open","ping_status":"closed","template":"","meta":{"_glsr_average":0,"_glsr_ranking":0,"_glsr_reviews":0},"product_cat":[45],"product_tag":[],"class_list":{"0":"post-748","1":"product","2":"type-product","3":"status-publish","4":"has-post-thumbnail","6":"product_cat-san-pham-custom","8":"first","9":"instock","10":"shipping-taxable","11":"purchasable","12":"product-type-variable"},"_links":{"self":[{"href":"https:\/\/totobaggu.com\/index.php?rest_route=\/wp\/v2\/product\/748","targetHints":{"allow":["GET"]}}],"collection":[{"href":"https:\/\/totobaggu.com\/index.php?rest_route=\/wp\/v2\/product"}],"about":[{"href":"https:\/\/totobaggu.com\/index.php?rest_route=\/wp\/v2\/types\/product"}],"replies":[{"embeddable":true,"href":"https:\/\/totobaggu.com\/index.php?rest_route=%2Fwp%2Fv2%2Fcomments&post=748"}],"wp:featuredmedia":[{"embeddable":true,"href":"https:\/\/totobaggu.com\/index.php?rest_route=\/wp\/v2\/media\/749"}],"wp:attachment":[{"href":"https:\/\/totobaggu.com\/index.php?rest_route=%2Fwp%2Fv2%2Fmedia&parent=748"}],"wp:term":[{"taxonomy":"product_cat","embeddable":true,"href":"https:\/\/totobaggu.com\/index.php?rest_route=%2Fwp%2Fv2%2Fproduct_cat&post=748"},{"taxonomy":"product_tag","embeddable":true,"href":"https:\/\/totobaggu.com\/index.php?rest_route=%2Fwp%2Fv2%2Fproduct_tag&post=748"}],"curies":[{"name":"wp","href":"https:\/\/api.w.org\/{rel}","templated":true}]}}