{"id":691,"date":"2024-08-14T08:02:59","date_gmt":"2024-08-14T08:02:59","guid":{"rendered":"https:\/\/totobaggu.com\/?post_type=product&#038;p=691"},"modified":"2024-12-03T08:40:27","modified_gmt":"2024-12-03T08:40:27","slug":"tui-deo-cheo-in-theo-yeu-cau","status":"publish","type":"product","link":"https:\/\/totobaggu.com\/?product=tui-deo-cheo-in-theo-yeu-cau","title":{"rendered":"T\u00fai \u0110eo Ch\u00e9o In Theo Y\u00eau C\u1ea7u"},"content":{"rendered":"<p>M\u1eabu t\u00fai \u0111eo ch\u00e9o c\u1ea3 nam v\u00e0 n\u1eef \u0111\u1ec1u c\u00f3 th\u1ec3 s\u1eed d\u1ee5ng. T\u00fai c\u00f3 t\u00ednh \u1ee9ng d\u1ee5ng cao nh\u1edd v\u00e0o quai ch\u00e9o ti\u1ec7n l\u1ee3i n\u00ean b\u1ea1n c\u00f3 th\u1ec3 s\u1eed d\u1ee5ng em t\u00fai n\u00e0y trong sinh ho\u1ea1t th\u01b0\u1eddng ng\u00e0y nh\u01b0 \u0111i h\u1ecdc, \u0111i ch\u01a1i \u0111\u1ec1u ph\u00f9 h\u1ee3p.<\/p>\n<p><strong>M\u1ed9t s\u1ed1 g\u1ee3i \u00fd thi\u1ebft k\u1ebf mi\u1ec5n ph\u00ed: in ch\u1eef ho\u1eb7c d\u00f9ng h\u00ecnh ho\u1ea1 c\u00f3 s\u1eb5n.<\/strong><\/p>\n<p><img fetchpriority=\"high\" decoding=\"async\" class=\"alignnone wp-image-2124 size-full\" src=\"https:\/\/totobaggu.com\/wp-content\/uploads\/2024\/08\/Website-2-e1733215217466.png\" alt=\"\" width=\"1920\" height=\"912\" \/><\/p>\n<p><strong>C\u00e1c thi\u1ebft k\u1ebf c\u00f3 t\u00ednh ph\u00ed: v\u1ebd line ho\u1eb7c v\u1ebd ho\u1ea1t h\u00ecnh.<\/strong><\/p>\n<p><img decoding=\"async\" class=\"alignnone wp-image-2121 size-full\" src=\"https:\/\/totobaggu.com\/wp-content\/uploads\/2024\/08\/4.png\" alt=\"\" width=\"1920\" height=\"1080\" \/><\/p>\n<p>B\u1ea1n c\u00f3 th\u1ec3 in t\u00ean, c\u00e2u quote y\u00eau th\u00edch, h\u00ecnh \u1ea3nh y\u00eau th\u00edch, ho\u1eb7c h\u00ecnh thi\u1ebft k\u1ebf ri\u00eang theo phong c\u00e1ch ho\u1ea1t h\u00ecnh.<\/p>\n<p><i>*Xin th\u00f4ng c\u1ea3m s\u1ea3n ph\u1ea9m th\u1ef1c t\u1ebf c\u00f3 th\u1ec3 kh\u00e1c m\u00e0u s\u1eafc x\u00edu xiu do \u00e1nh s\u00e1ng ch\u1ee5p kh\u00e1c nhau, b\u1ea3n in c\u00f3 \u0111\u1ed9 ch\u00ednh x\u00e1c m\u00e0u t\u1eeb 85% tr\u1edf l\u00ean so v\u1edbi demo do ch\u1ea5t l\u01b0\u1ee3ng design ho\u1eb7c sai kh\u00e1c thi\u1ebft b\u1ecb<\/i><\/p>\n<p><i>*Toto.baggu c\u00f3 gi\u00e1 s\u1ec9 cho kh\u00e1ch \u0111\u1eb7t t\u00fai nh\u00f3m, t\u00fai doanh nghi\u1ec7p s\u1ed1 l\u01b0\u1ee3ng ch\u1ec9 t\u1eeb 5 chi\u1ebfc<\/i><\/p>\n<p>B\u1ea1n c\u00f3 th\u1ec3 g\u1eedi h\u00ecnh \u1ea3nh in ri\u00eang cho shop qua Zalo 0985079243<\/p>\n<p>T\u1eb7ng shop \u2b50\ufe0f\u2b50\ufe0f\u2b50\ufe0f\u2b50\ufe0f\u2b50\ufe0f <a href=\"https:\/\/g.co\/kgs\/BmnmSna\">t\u1ea1i \u0111\u00e2y<\/a> \u0111\u1ec3 nh\u1eadn voucher gi\u1ea3m gi\u00e1 10% cho \u0111\u01a1n h\u00e0ng ti\u1ebfp theo.<\/p>\n","protected":false},"excerpt":{"rendered":"<ul>\n<li><b>Gi\u00e1 t\u00fai v\u00e0 in 1 m\u1eb7t:<\/b>\u00a0<strong>19<\/strong><b>5,000\u0111\u00a0<\/b>(ch\u01b0a g\u1ed3m ph\u00ed v\u1ebd custom t\u1eeb \u1ea3nh, mi\u1ec5n ph\u00ed thi\u1ebft k\u1ebf ch\u1eef ho\u1eb7c s\u1eed d\u1ee5ng h\u00ecnh ho\u1ea1 c\u00f3 s\u1eb5n)<\/li>\n<li><b>K\u00edch th\u01b0\u1edbc:<\/b> ngang 29 x cao 31 x \u0111\u00e1y 10cm (\u00b11cm)<\/li>\n<li><b>Ch\u1ea5t li\u1ec7u:<\/b> canvas cao c\u1ea5p<\/li>\n<li><b>M\u00e0u s\u1eafc:<\/b> tr\u1eafng<\/li>\n<li><b>\u0110\u1eb7c \u0111i\u1ec3m:<\/b>\n<ul>\n<li>c\u00f3 kho\u00e1 zip an to\u00e0n cho \u0111\u1ed3 d\u00f9ng c\u1ee7a b\u1ea1n<\/li>\n<li>2 b\u00ean c\u00f3 t\u00fai h\u00f4ng nh\u1ecf \u0111\u1ec3 c\u00e0i b\u00fat ho\u1eb7c \u0111\u1ed3 d\u00f9ng nh\u1ecf<\/li>\n<li>quai c\u00f3 t\u0103ng \u0111\u01a1 ch\u1ec9nh \u0111\u01b0\u1ee3c chi\u1ec1u d\u00e0i \u0111\u1ec3 \u0111eo 1 b\u00ean ho\u1eb7c \u0111eo ch\u00e9o<\/li>\n<\/ul>\n<\/li>\n<\/ul>\n","protected":false},"featured_media":1975,"comment_status":"open","ping_status":"closed","template":"","meta":{"_glsr_average":0,"_glsr_ranking":0,"_glsr_reviews":0},"product_cat":[22,45],"product_tag":[],"class_list":{"0":"post-691","1":"product","2":"type-product","3":"status-publish","4":"has-post-thumbnail","6":"product_cat-danh-muc-san-pham","7":"product_cat-san-pham-custom","9":"first","10":"instock","11":"shipping-taxable","12":"purchasable","13":"product-type-simple"},"_links":{"self":[{"href":"https:\/\/totobaggu.com\/index.php?rest_route=\/wp\/v2\/product\/691","targetHints":{"allow":["GET"]}}],"collection":[{"href":"https:\/\/totobaggu.com\/index.php?rest_route=\/wp\/v2\/product"}],"about":[{"href":"https:\/\/totobaggu.com\/index.php?rest_route=\/wp\/v2\/types\/product"}],"replies":[{"embeddable":true,"href":"https:\/\/totobaggu.com\/index.php?rest_route=%2Fwp%2Fv2%2Fcomments&post=691"}],"wp:featuredmedia":[{"embeddable":true,"href":"https:\/\/totobaggu.com\/index.php?rest_route=\/wp\/v2\/media\/1975"}],"wp:attachment":[{"href":"https:\/\/totobaggu.com\/index.php?rest_route=%2Fwp%2Fv2%2Fmedia&parent=691"}],"wp:term":[{"taxonomy":"product_cat","embeddable":true,"href":"https:\/\/totobaggu.com\/index.php?rest_route=%2Fwp%2Fv2%2Fproduct_cat&post=691"},{"taxonomy":"product_tag","embeddable":true,"href":"https:\/\/totobaggu.com\/index.php?rest_route=%2Fwp%2Fv2%2Fproduct_tag&post=691"}],"curies":[{"name":"wp","href":"https:\/\/api.w.org\/{rel}","templated":true}]}}