{"id":534,"date":"2024-08-06T02:12:51","date_gmt":"2024-08-06T02:12:51","guid":{"rendered":"https:\/\/totobaggu.com\/?post_type=product&#038;p=534"},"modified":"2024-12-03T07:40:03","modified_gmt":"2024-12-03T07:40:03","slug":"tui-tote-quai-mix-in-theo-yeu-cau","status":"publish","type":"product","link":"https:\/\/totobaggu.com\/?product=tui-tote-quai-mix-in-theo-yeu-cau","title":{"rendered":"T\u00fai Tote Quai Mix In Theo Y\u00eau C\u1ea7u"},"content":{"rendered":"<p>D\u00e0nh cho nh\u1eefng b\u1ea1n th\u00edch c\u00e1c s\u1ea3n ph\u1ea9m kh\u00f4ng c\u00f3 logo, m\u1eabu t\u00fai ph\u1ed1i quai mix in theo y\u00eau c\u1ea7u gi\u00fap b\u1ea1n kh\u00e1c bi\u1ec7t khi c\u00f3 th\u1ec3 l\u1ef1a ch\u1ecdn in d\u1ea5u \u1ea5n c\u00e1 nh\u00e2n c\u1ee7a m\u00ecnh l\u00ean t\u00fai. C\u00e1c v\u00f9ng in \u0111\u01b0\u1ee3c l\u00e0 nh\u1eefng v\u00f9ng v\u1ea3i tr\u1eafng. B\u1ea1n c\u00f3 th\u1ec3 in t\u00ean, c\u00e2u quote y\u00eau th\u00edch, h\u00ecnh \u1ea3nh y\u00eau th\u00edch, ho\u1eb7c h\u00ecnh thi\u1ebft k\u1ebf ri\u00eang theo phong c\u00e1ch ho\u1ea1t h\u00ecnh.<\/p>\n<p><strong>M\u1ed9t s\u1ed1 g\u1ee3i \u00fd thi\u1ebft k\u1ebf mi\u1ec5n ph\u00ed: in ch\u1eef ho\u1eb7c d\u00f9ng h\u00ecnh ho\u1ea1 c\u00f3 s\u1eb5n.<\/strong><\/p>\n<p><img fetchpriority=\"high\" decoding=\"async\" class=\"alignnone wp-image-2100 size-full\" src=\"https:\/\/totobaggu.com\/wp-content\/uploads\/2024\/08\/1-3-e1733211018984.png\" alt=\"\" width=\"1920\" height=\"912\" \/><\/p>\n<p><strong>C\u00e1c thi\u1ebft k\u1ebf c\u00f3 t\u00ednh ph\u00ed: v\u1ebd line ho\u1eb7c v\u1ebd ho\u1ea1t h\u00ecnh.<\/strong><\/p>\n<p><img decoding=\"async\" class=\"alignnone wp-image-2101 size-full\" src=\"https:\/\/totobaggu.com\/wp-content\/uploads\/2024\/08\/2-2.png\" alt=\"\" width=\"1920\" height=\"1080\" \/><\/p>\n<p><em>*Xin th\u00f4ng c\u1ea3m s\u1ea3n ph\u1ea9m th\u1ef1c t\u1ebf c\u00f3 th\u1ec3 kh\u00e1c m\u00e0u s\u1eafc x\u00edu xiu do \u00e1nh s\u00e1ng ch\u1ee5p kh\u00e1c nhau<\/em><\/p>\n<p><em>*B\u1ea3n in c\u00f3 \u0111\u1ed9 ch\u00ednh x\u00e1c m\u00e0u t\u1eeb 85% tr\u1edf l\u00ean so v\u1edbi demo do ch\u1ea5t l\u01b0\u1ee3ng design ho\u1eb7c sai kh\u00e1c thi\u1ebft b\u1ecb<\/em><\/p>\n<p><em>*Toto.baggu c\u00f3 gi\u00e1 s\u1ec9 cho kh\u00e1ch \u0111\u1eb7t t\u00fai nh\u00f3m, t\u00fai doanh nghi\u1ec7p s\u1ed1 l\u01b0\u1ee3ng ch\u1ec9 t\u1eeb 5 chi\u1ebfc<\/em><\/p>\n<p>B\u1ea1n c\u00f3 th\u1ec3 g\u1eedi h\u00ecnh \u1ea3nh in ri\u00eang cho shop qua zalo 0985079243<\/p>\n<p>T\u1eb7ng shop \u2b50\ufe0f\u2b50\ufe0f\u2b50\ufe0f\u2b50\ufe0f\u2b50\ufe0f <a href=\"https:\/\/g.co\/kgs\/BmnmSna\">t\u1ea1i \u0111\u00e2y<\/a> \u0111\u1ec3 nh\u1eadn voucher gi\u1ea3m gi\u00e1 10% cho \u0111\u01a1n h\u00e0ng ti\u1ebfp theo.<\/p>\n","protected":false},"excerpt":{"rendered":"<ul>\n<li><strong>Gi\u00e1 t\u00fai v\u00e0 in 1 v\u00f9ng:<\/strong> <strong>245,000\u0111\u00a0<\/strong>(ch\u01b0a g\u1ed3m ph\u00ed v\u1ebd custom t\u1eeb \u1ea3nh, mi\u1ec5n ph\u00ed thi\u1ebft k\u1ebf ch\u1eef ho\u1eb7c s\u1eed d\u1ee5ng h\u00ecnh ho\u1ea1 c\u00f3 s\u1eb5n)<\/li>\n<li><strong>K\u00edch th\u01b0\u1edbc:<\/strong> ngang 41 x cao 32 x \u0111\u00e1y 10cm (\u00b11cm)<\/li>\n<li><strong>Ch\u1ea5t li\u1ec7u:<\/strong> canvas cao c\u1ea5p<\/li>\n<li><strong>M\u00e0u s\u1eafc:<\/strong> tr\u1eafng ph\u1ed1i quai tu\u1ef3 ch\u1ecdn: \u0111en, n\u00e2u \u0111\u1eadm, xanh navy, xanh r\u00eau<\/li>\n<li><strong>\u0110\u1eb7c \u0111i\u1ec3m:<\/strong>\n<ul>\n<li>l\u00f3t linen chia ng\u0103n b\u00ean trong \u0111\u1ec3 \u0111\u1ed3 ti\u1ec7n d\u1ee5ng<\/li>\n<li>c\u00f3 kho\u00e1 zip an to\u00e0n cho \u0111\u1ed3 d\u00f9ng c\u1ee7a b\u1ea1n<\/li>\n<li>c\u00f3 ng\u0103n nh\u1ecf b\u00ean ngo\u00e0i \u0111\u1ec3 v\u1eeba gi\u1ea5y note, \u0111i\u1ec7n tho\u1ea1i, v\u00e9 xe&#8230;<\/li>\n<li>quai \u0111eo d\u00e0i v\u00e0 b\u1ea3n v\u1eeba ph\u1ea3i n\u00ean \u0111eo n\u1eb7ng v\u1eabn d\u1ec5 ch\u1ecbu, chi ti\u1ebft quai ngang c\u00e1ch \u0111i\u1ec7u v\u00e0 \u0111\u00e1y g\u1eadp tam gi\u00e1c l\u00e0m \u0111i\u1ec3m nh\u1ea5n th\u00fa v\u1ecb cho chi\u1ebfc t\u00fai c\u1ee7a b\u1ea1n<\/li>\n<\/ul>\n<\/li>\n<\/ul>\n<p>&nbsp;<\/p>\n","protected":false},"featured_media":1976,"comment_status":"open","ping_status":"closed","template":"","meta":{"_glsr_average":0,"_glsr_ranking":0,"_glsr_reviews":0},"product_cat":[22,45],"product_tag":[],"class_list":{"0":"post-534","1":"product","2":"type-product","3":"status-publish","4":"has-post-thumbnail","6":"product_cat-danh-muc-san-pham","7":"product_cat-san-pham-custom","9":"first","10":"instock","11":"shipping-taxable","12":"purchasable","13":"product-type-variable"},"_links":{"self":[{"href":"https:\/\/totobaggu.com\/index.php?rest_route=\/wp\/v2\/product\/534","targetHints":{"allow":["GET"]}}],"collection":[{"href":"https:\/\/totobaggu.com\/index.php?rest_route=\/wp\/v2\/product"}],"about":[{"href":"https:\/\/totobaggu.com\/index.php?rest_route=\/wp\/v2\/types\/product"}],"replies":[{"embeddable":true,"href":"https:\/\/totobaggu.com\/index.php?rest_route=%2Fwp%2Fv2%2Fcomments&post=534"}],"wp:featuredmedia":[{"embeddable":true,"href":"https:\/\/totobaggu.com\/index.php?rest_route=\/wp\/v2\/media\/1976"}],"wp:attachment":[{"href":"https:\/\/totobaggu.com\/index.php?rest_route=%2Fwp%2Fv2%2Fmedia&parent=534"}],"wp:term":[{"taxonomy":"product_cat","embeddable":true,"href":"https:\/\/totobaggu.com\/index.php?rest_route=%2Fwp%2Fv2%2Fproduct_cat&post=534"},{"taxonomy":"product_tag","embeddable":true,"href":"https:\/\/totobaggu.com\/index.php?rest_route=%2Fwp%2Fv2%2Fproduct_tag&post=534"}],"curies":[{"name":"wp","href":"https:\/\/api.w.org\/{rel}","templated":true}]}}