{"id":1996,"date":"2024-11-28T09:41:07","date_gmt":"2024-11-28T09:41:07","guid":{"rendered":"https:\/\/totobaggu.com\/?post_type=product&#038;p=1996"},"modified":"2024-11-28T09:41:07","modified_gmt":"2024-11-28T09:41:07","slug":"tui-road-with-cypress-and-star-1890","status":"publish","type":"product","link":"https:\/\/totobaggu.com\/?product=tui-road-with-cypress-and-star-1890","title":{"rendered":"T\u00fai &#8220;Road with Cypress and Star, 1890&#8221;"},"content":{"rendered":"<p>V\u1edbi ni\u1ec1m y\u00eau th\u00edch c\u00e1c b\u1ee9c ho\u1ea1 Vangogh, b\u1ea1n c\u00f3 th\u1ec3 ch\u1ecdn cho m\u00ecnh t\u00fai &#8220;Road with Cypress and Star, 1890&#8221; n\u00e0y.<\/p>\n<ul>\n<li>Ch\u1ea5t li\u1ec7u: canvas b\u00f4ng<\/li>\n<li>K\u00edch th\u01b0\u1edbc: 33x38x7cm<\/li>\n<li>T\u00fai c\u00f3 kho\u00e1 zip v\u00e0 t\u00fai con b\u00ean trong<\/li>\n<\/ul>\n","protected":false},"excerpt":{"rendered":"<p>V\u1edbi ni\u1ec1m y\u00eau th\u00edch c\u00e1c b\u1ee9c ho\u1ea1 Vangogh, b\u1ea1n c\u00f3 th\u1ec3 ch\u1ecdn cho m\u00ecnh t\u00fai &#8220;Road with Cypress and Star, 1890&#8221; n\u00e0y.<\/p>\n<ul>\n<li>Ch\u1ea5t li\u1ec7u: canvas b\u00f4ng<\/li>\n<li>K\u00edch th\u01b0\u1edbc: 33x38x7cm<\/li>\n<li>T\u00fai c\u00f3 kho\u00e1 zip v\u00e0 t\u00fai con b\u00ean trong<\/li>\n<\/ul>\n","protected":false},"featured_media":1997,"comment_status":"open","ping_status":"closed","template":"","meta":{"_glsr_average":0,"_glsr_ranking":0,"_glsr_reviews":0},"product_cat":[44],"product_tag":[],"class_list":{"0":"post-1996","1":"product","2":"type-product","3":"status-publish","4":"has-post-thumbnail","6":"product_cat-san-pham-co-san","8":"first","9":"instock","10":"shipping-taxable","11":"purchasable","12":"product-type-simple"},"_links":{"self":[{"href":"https:\/\/totobaggu.com\/index.php?rest_route=\/wp\/v2\/product\/1996","targetHints":{"allow":["GET"]}}],"collection":[{"href":"https:\/\/totobaggu.com\/index.php?rest_route=\/wp\/v2\/product"}],"about":[{"href":"https:\/\/totobaggu.com\/index.php?rest_route=\/wp\/v2\/types\/product"}],"replies":[{"embeddable":true,"href":"https:\/\/totobaggu.com\/index.php?rest_route=%2Fwp%2Fv2%2Fcomments&post=1996"}],"wp:featuredmedia":[{"embeddable":true,"href":"https:\/\/totobaggu.com\/index.php?rest_route=\/wp\/v2\/media\/1997"}],"wp:attachment":[{"href":"https:\/\/totobaggu.com\/index.php?rest_route=%2Fwp%2Fv2%2Fmedia&parent=1996"}],"wp:term":[{"taxonomy":"product_cat","embeddable":true,"href":"https:\/\/totobaggu.com\/index.php?rest_route=%2Fwp%2Fv2%2Fproduct_cat&post=1996"},{"taxonomy":"product_tag","embeddable":true,"href":"https:\/\/totobaggu.com\/index.php?rest_route=%2Fwp%2Fv2%2Fproduct_tag&post=1996"}],"curies":[{"name":"wp","href":"https:\/\/api.w.org\/{rel}","templated":true}]}}