{"id":1993,"date":"2024-11-28T09:31:52","date_gmt":"2024-11-28T09:31:52","guid":{"rendered":"https:\/\/totobaggu.com\/?post_type=product&#038;p=1993"},"modified":"2024-11-28T09:31:52","modified_gmt":"2024-11-28T09:31:52","slug":"moc-khoa-thoi-in-2-mat-in-theo-yeu-cau","status":"publish","type":"product","link":"https:\/\/totobaggu.com\/?product=moc-khoa-thoi-in-2-mat-in-theo-yeu-cau","title":{"rendered":"M\u00f3c kho\u00e1 thoi in 2 m\u1eb7t &#8211; in theo y\u00eau c\u1ea7u"},"content":{"rendered":"<p><strong>M\u00d3C KHO\u00c1 THOI IN THEO Y\u00caU C\u1ea6U<\/strong><\/p>\n<ul>\n<li>Ch\u1ea5t li\u1ec7u: g\u1ed7 &amp; gi\u1ea5y b\u1ed3i<\/li>\n<li>K\u00edch th\u01b0\u1edbc: 43x87mm<\/li>\n<li>M\u00f3c kho\u00e1 c\u00f3 th\u1ec3 in \u0111\u01b0\u1ee3c 2 m\u1eb7t<\/li>\n<\/ul>\n<p>M\u00f3c kho\u00e1 shape h\u00ecnh thoi \u0111\u1ed9c \u0111\u00e1o, th\u00edch h\u1ee3p \u0111\u1ec3 in \u1ea3nh, c\u00e2u quote s\u00e1ng t\u1ea1o.<\/p>\n","protected":false},"excerpt":{"rendered":"<p><strong>M\u00d3C KHO\u00c1 THOI IN THEO Y\u00caU C\u1ea6U<\/strong><\/p>\n<ul>\n<li>Ch\u1ea5t li\u1ec7u: g\u1ed7 &amp; gi\u1ea5y b\u1ed3i<\/li>\n<li>K\u00edch th\u01b0\u1edbc: 43x87mm<\/li>\n<li>M\u00f3c kho\u00e1 c\u00f3 th\u1ec3 in \u0111\u01b0\u1ee3c 2 m\u1eb7t<\/li>\n<\/ul>\n<p>M\u00f3c kho\u00e1 shape h\u00ecnh thoi \u0111\u1ed9c \u0111\u00e1o, th\u00edch h\u1ee3p \u0111\u1ec3 in \u1ea3nh, c\u00e2u quote s\u00e1ng t\u1ea1o.<\/p>\n","protected":false},"featured_media":1984,"comment_status":"open","ping_status":"closed","template":"","meta":{"_glsr_average":0,"_glsr_ranking":0,"_glsr_reviews":0},"product_cat":[45],"product_tag":[],"class_list":{"0":"post-1993","1":"product","2":"type-product","3":"status-publish","4":"has-post-thumbnail","6":"product_cat-san-pham-custom","8":"first","9":"instock","10":"shipping-taxable","11":"purchasable","12":"product-type-simple"},"_links":{"self":[{"href":"https:\/\/totobaggu.com\/index.php?rest_route=\/wp\/v2\/product\/1993","targetHints":{"allow":["GET"]}}],"collection":[{"href":"https:\/\/totobaggu.com\/index.php?rest_route=\/wp\/v2\/product"}],"about":[{"href":"https:\/\/totobaggu.com\/index.php?rest_route=\/wp\/v2\/types\/product"}],"replies":[{"embeddable":true,"href":"https:\/\/totobaggu.com\/index.php?rest_route=%2Fwp%2Fv2%2Fcomments&post=1993"}],"wp:featuredmedia":[{"embeddable":true,"href":"https:\/\/totobaggu.com\/index.php?rest_route=\/wp\/v2\/media\/1984"}],"wp:attachment":[{"href":"https:\/\/totobaggu.com\/index.php?rest_route=%2Fwp%2Fv2%2Fmedia&parent=1993"}],"wp:term":[{"taxonomy":"product_cat","embeddable":true,"href":"https:\/\/totobaggu.com\/index.php?rest_route=%2Fwp%2Fv2%2Fproduct_cat&post=1993"},{"taxonomy":"product_tag","embeddable":true,"href":"https:\/\/totobaggu.com\/index.php?rest_route=%2Fwp%2Fv2%2Fproduct_tag&post=1993"}],"curies":[{"name":"wp","href":"https:\/\/api.w.org\/{rel}","templated":true}]}}