{"id":1959,"date":"2024-11-27T15:52:52","date_gmt":"2024-11-27T15:52:52","guid":{"rendered":"https:\/\/totobaggu.com\/?post_type=product&#038;p=1959"},"modified":"2024-11-27T15:52:53","modified_gmt":"2024-11-27T15:52:53","slug":"lich-de-ban-custom-theo-yeu-cau","status":"publish","type":"product","link":"https:\/\/totobaggu.com\/?product=lich-de-ban-custom-theo-yeu-cau","title":{"rendered":"L\u1ecbch \u0111\u1ec3 b\u00e0n custom theo y\u00eau c\u1ea7u"},"content":{"rendered":"<p>\ud83d\udcc6L\u1ecbch T\u1ebft 2025 xinh y\u00eau c\u1ee7a ai \u0111\u00e2yyyy \ud83c\udf8b<br \/>\nKh\u00e1ch \u0111\u1eb7t l\u1ecbch th\u00edch e Pam n\u00ean t\u1edb c\u0169ng m\u1edbi c\u00f3 c\u01a1 h\u1ed9i ch\u1ee5p m\u1ea5y h\u00ecnh xinh n\u00e0y \u0111\u1ec3 \u0111\u0103ng cho m\u1ecdi ng\u01b0\u1eddi xem. T\u1eebng cu\u1ed1n l\u1ecbch s\u1ebd \u0111\u01b0\u1ee3c c\u00e1 nh\u00e2n ho\u00e1 theo t\u00ean\/ch\u1eef\/\u1ea3nh v\u00e0 nh\u1eefng ng\u00e0y \u0111\u1eb7c bi\u1ec7t b\u1ea1n mu\u1ed1n note l\u1ea1i.<br \/>\nL\u1ecbch \u1ea3nh Toto hi\u1ec7n l\u00e0m 2 size nh\u1ecf xinh:<br \/>\n\ud83d\udd38 Size 10x15cm &#8211; gi\u00e1 \ud835\udfd5\ud835\udfd7\ud835\udc24<br \/>\n\ud83d\udd38 Size 13x18cm &#8211; gi\u00e1 \ud835\udfd7\ud835\udfd7\ud835\udc24<br \/>\nM\u1ed9t b\u1ed9 l\u1ecbch g\u1ed3m 13 t\u1edd, t\u1eb7ng k\u00e8m ch\u00e2n g\u1ed7 ch\u1eef A v\u00e0 g\u00f3i h\u1ed9p xinh x\u1eafn \u0111\u1ec3 b\u1ea1n \u0111em t\u1eb7ng c\u0169ng r\u1ea5t tuy\u1ec7t.<\/p>\n","protected":false},"excerpt":{"rendered":"<p>L\u1ecbch \u1ea3nh Toto hi\u1ec7n l\u00e0m 2 size nh\u1ecf xinh:<br \/>\n\ud83d\udd38 Size 10x15cm &#8211; gi\u00e1 \ud835\udfd5\ud835\udfd7\ud835\udc24<br \/>\n\ud83d\udd38 Size 13x18cm &#8211; gi\u00e1 \ud835\udfd7\ud835\udfd7\ud835\udc24<br \/>\nM\u1ed9t b\u1ed9 l\u1ecbch g\u1ed3m 13 t\u1edd, t\u1eb7ng k\u00e8m ch\u00e2n g\u1ed7 ch\u1eef A v\u00e0 g\u00f3i h\u1ed9p xinh x\u1eafn \u0111\u1ec3 b\u1ea1n \u0111em t\u1eb7ng c\u0169ng r\u1ea5t tuy\u1ec7t.<\/p>\n","protected":false},"featured_media":1968,"comment_status":"open","ping_status":"closed","template":"","meta":{"_glsr_average":0,"_glsr_ranking":0,"_glsr_reviews":0},"product_cat":[45],"product_tag":[],"class_list":{"0":"post-1959","1":"product","2":"type-product","3":"status-publish","4":"has-post-thumbnail","6":"product_cat-san-pham-custom","8":"first","9":"instock","10":"shipping-taxable","11":"purchasable","12":"product-type-simple"},"_links":{"self":[{"href":"https:\/\/totobaggu.com\/index.php?rest_route=\/wp\/v2\/product\/1959","targetHints":{"allow":["GET"]}}],"collection":[{"href":"https:\/\/totobaggu.com\/index.php?rest_route=\/wp\/v2\/product"}],"about":[{"href":"https:\/\/totobaggu.com\/index.php?rest_route=\/wp\/v2\/types\/product"}],"replies":[{"embeddable":true,"href":"https:\/\/totobaggu.com\/index.php?rest_route=%2Fwp%2Fv2%2Fcomments&post=1959"}],"wp:featuredmedia":[{"embeddable":true,"href":"https:\/\/totobaggu.com\/index.php?rest_route=\/wp\/v2\/media\/1968"}],"wp:attachment":[{"href":"https:\/\/totobaggu.com\/index.php?rest_route=%2Fwp%2Fv2%2Fmedia&parent=1959"}],"wp:term":[{"taxonomy":"product_cat","embeddable":true,"href":"https:\/\/totobaggu.com\/index.php?rest_route=%2Fwp%2Fv2%2Fproduct_cat&post=1959"},{"taxonomy":"product_tag","embeddable":true,"href":"https:\/\/totobaggu.com\/index.php?rest_route=%2Fwp%2Fv2%2Fproduct_tag&post=1959"}],"curies":[{"name":"wp","href":"https:\/\/api.w.org\/{rel}","templated":true}]}}