{"id":1949,"date":"2024-11-27T15:21:50","date_gmt":"2024-11-27T15:21:50","guid":{"rendered":"https:\/\/totobaggu.com\/?post_type=product&#038;p=1949"},"modified":"2024-11-27T15:47:16","modified_gmt":"2024-11-27T15:47:16","slug":"lich-to-mau-2025-thiet-ke-doc-quyen","status":"publish","type":"product","link":"https:\/\/totobaggu.com\/?product=lich-to-mau-2025-thiet-ke-doc-quyen","title":{"rendered":"L\u1ecbch t\u00f4 m\u00e0u 2025 &#8211; thi\u1ebft k\u1ebf \u0111\u1ed9c quy\u1ec1n"},"content":{"rendered":"<p>\ud835\udc02\ud835\udc2e\ud835\udc28\u0323\u0302\ud835\udc1c \u0111\ud835\udc28\u031b\u0300\ud835\udc22 \ud835\udc27\ud835\udc1a\u0300\ud835\udc32 \ud835\udc26\ud835\udc1a\u0300\ud835\udc2e \ud835\udc20\ud835\udc22\u0300? \ud835\udc01\ud835\udc1a\u0323\ud835\udc27 \ud835\udc2d\ud835\udc2e\u031b\u0323 \ud835\udc2d\ud835\udc28\u0302 \ud835\udc26\ud835\udc1a\u0300\ud835\udc2e \ud835\udc1c\ud835\udc21\ud835\udc2e\u0301\ud835\udc27\ud835\udc20 \ud835\udc27\ud835\udc21\ud835\udc1e\u0301! \ud83c\udfa8<\/p>\n<p>Toto tin r\u1eb1ng b\u1eb1ng c\u00e1ch t\u00f4 m\u00e0u cho 12 th\u00e1ng trong n\u0103m, b\u1ea1n s\u1ebd manifest nh\u1eefng mong \u01b0\u1edbc c\u1ee7a m\u00ecnh trong t\u1eebng th\u00e1ng s\u1edbm th\u00e0nh hi\u1ec7n th\u1ef1c. Hay \u0111\u01a1n gi\u1ea3n h\u01a1n, b\u1ea1n c\u00f3 th\u1ec3 coi t\u00f4 m\u00e0u l\u00e0 m\u1ed9t li\u1ec7u ph\u00e1p th\u01b0 gi\u00e3n m\u1ed7i khi c\u0103ng th\u1eb3ng nh\u00e9.<\/p>\n<p>B\u1ed9 l\u1ecbch t\u00f4 m\u00e0u 2025 Toto th\u1ef1c hi\u1ec7n g\u1ed3m c\u00f3:<\/p>\n<p>1\ufe0f\u20e3Set g\u1ed3m 14 t\u1edd l\u1ecbch gi\u1ea5y m\u1ef9 thu\u1eadt size 15x21cm theo d\u00f2ng c\u00e1c s\u1ef1 ki\u1ec7n trong n\u0103m<span class=\"Apple-converted-space\">\u00a0<\/span><\/p>\n<p>2\ufe0f\u20e3 \u0110\u1ebf g\u1ed7 plywood \u0111\u1ea1t ti\u00eau chu\u1ea9n E0 \u0111\u1ea3m b\u1ea3o an to\u00e0n m\u00f4i tr\u01b0\u1eddng s\u1ed1ng v\u00e0 s\u1ee9c kho\u1ebb c\u1ee7a b\u1ea1n<\/p>\n<p>3\ufe0f\u20e3 Khoen c\u00f2ng th\u00e1o m\u1edf linh ho\u1ea1t \u0111\u1ec3 b\u1ea1n t\u1eadn d\u1ee5ng \u0111\u1ebf g\u1ed7 v\u00e0o nhi\u1ec1u m\u1ee5c \u0111\u00edch s\u1eed d\u1ee5ng kh\u00e1c<\/p>\n<p>S\u1ea3n ph\u1ea9m \u0111\u01b0\u1ee3c b\u00e1n v\u1edbi 3 options \u0111\u1ec3 b\u1ea1n l\u1ef1a ch\u1ecdn:<\/p>\n<p>\ud83d\udd38\ud835\udc01\ud835\udc0e\ud835\udc17 \ud835\udfcf: B\u1ed9 l\u1ecbch &#8211; gi\u00e1 \ud835\udfcf\ud835\udfd0\ud835\udfd7\ud835\udc24<\/p>\n<p>\ud83d\udd38\ud835\udc01\ud835\udc0e\ud835\udc17 \ud835\udfd0: B\u1ed9 l\u1ecbch &amp; 12 m\u00e0u acrylic &#8211; gi\u00e1 \ud835\udfcf\ud835\udfd3\ud835\udfd7\ud835\udc24<\/p>\n<p>\ud83d\udd38\ud835\udc01\ud835\udc0e\ud835\udc17 \ud835\udfd1: B\u1ed9 l\u1ecbch &amp; 24 m\u00e0u acrylic &#8211; gi\u00e1 \ud835\udfcf\ud835\udfd6\ud835\udfd7\ud835\udc24<\/p>\n<p>C\u00e1c box \u0111\u1ec1u \u0111\u01b0\u1ee3c g\u00f3i th\u1eadt xinh \u0111\u1ebfn b\u1ea1n, th\u00edch h\u1ee3p l\u00e0m qu\u00e0 t\u1eb7ng cho b\u1ea1n b\u00e8, \u0111\u1ed3ng nghi\u1ec7p.<\/p>\n<p>\ud83d\udeabS\u1ea3n ph\u1ea9m do Toto s\u00e1ng t\u00e1c, vui l\u00f2ng kh\u00f4ng sao ch\u00e9p d\u01b0\u1edbi m\u1ecdi h\u00ecnh th\u1ee9c.<\/p>\n<p>&nbsp;<\/p>\n","protected":false},"excerpt":{"rendered":"<ul>\n<li>\n<ul>\n<li><b>K\u00edch th\u01b0\u1edbc:<\/b>\u00a015x21cm<\/li>\n<li><b>M\u00e0u s\u1eafc:<\/b>\u00a0\u0111\u1ebf g\u1ed7 m\u00e0u \u00f3c ch\u00f3 ho\u1eb7c s\u1ed3i<\/li>\n<li><b>Ch\u1ea5t li\u1ec7u:<\/b>\n<ul>\n<li>L\u1ecbch in b\u1eb1ng gi\u1ea5y m\u1ef9 thu\u1eadt cao c\u1ea5p<\/li>\n<li>\u0110\u1ebf g\u1ed7 plywood E0 an to\u00e0n cho s\u1ee9c kho\u1ebb<\/li>\n<\/ul>\n<\/li>\n<\/ul>\n<p>Thi\u1ebft k\u1ebf \u0111\u1ed9c quy\u1ec1n do Toto th\u1ef1c hi\u1ec7n, b\u1ed9 l\u1ecbch g\u1ed3m 14 trang trong \u0111\u00f3 c\u00f3 2 trang b\u00eca (1 trang m\u00e0u, 1 trang t\u00f4) v\u00e0 12 trang th\u00e1ng t\u00f4 t\u01b0\u01a1ng \u1ee9ng v\u1edbi c\u00e1c c\u00e2u chuy\u1ec7n trong n\u0103m.<\/li>\n<\/ul>\n","protected":false},"featured_media":1958,"comment_status":"open","ping_status":"closed","template":"","meta":{"_glsr_average":0,"_glsr_ranking":0,"_glsr_reviews":0},"product_cat":[44],"product_tag":[],"class_list":{"0":"post-1949","1":"product","2":"type-product","3":"status-publish","4":"has-post-thumbnail","6":"product_cat-san-pham-co-san","8":"first","9":"instock","10":"shipping-taxable","11":"purchasable","12":"product-type-simple"},"_links":{"self":[{"href":"https:\/\/totobaggu.com\/index.php?rest_route=\/wp\/v2\/product\/1949","targetHints":{"allow":["GET"]}}],"collection":[{"href":"https:\/\/totobaggu.com\/index.php?rest_route=\/wp\/v2\/product"}],"about":[{"href":"https:\/\/totobaggu.com\/index.php?rest_route=\/wp\/v2\/types\/product"}],"replies":[{"embeddable":true,"href":"https:\/\/totobaggu.com\/index.php?rest_route=%2Fwp%2Fv2%2Fcomments&post=1949"}],"wp:featuredmedia":[{"embeddable":true,"href":"https:\/\/totobaggu.com\/index.php?rest_route=\/wp\/v2\/media\/1958"}],"wp:attachment":[{"href":"https:\/\/totobaggu.com\/index.php?rest_route=%2Fwp%2Fv2%2Fmedia&parent=1949"}],"wp:term":[{"taxonomy":"product_cat","embeddable":true,"href":"https:\/\/totobaggu.com\/index.php?rest_route=%2Fwp%2Fv2%2Fproduct_cat&post=1949"},{"taxonomy":"product_tag","embeddable":true,"href":"https:\/\/totobaggu.com\/index.php?rest_route=%2Fwp%2Fv2%2Fproduct_tag&post=1949"}],"curies":[{"name":"wp","href":"https:\/\/api.w.org\/{rel}","templated":true}]}}