{"id":1517,"date":"2024-10-21T10:04:11","date_gmt":"2024-10-21T10:04:11","guid":{"rendered":"https:\/\/totobaggu.com\/?post_type=product&#038;p=1517"},"modified":"2024-10-21T10:05:29","modified_gmt":"2024-10-21T10:05:29","slug":"ao-thun-triple-r-eat-sleep-rap-repeat-co-san","status":"publish","type":"product","link":"https:\/\/totobaggu.com\/?product=ao-thun-triple-r-eat-sleep-rap-repeat-co-san","title":{"rendered":"\u00c1o Thun Triple R &#8211; Eat Sleep Rap Repeat [C\u00f3 S\u1eb5n]"},"content":{"rendered":"<ul>\n<li><b>K\u00edch th\u01b0\u1edbc:<\/b>\u00a0S,\u00a0M, L, XL<\/li>\n<li><b>M\u00e0u s\u1eafc:<\/b> tr\u1eafng, \u0111en<\/li>\n<li><b>Ch\u1ea5t li\u1ec7u:<\/b> cotton cao c\u1ea5p \u0111\u1ecbnh l\u01b0\u1ee3ng 230gsm, co gi\u00e3n 2 chi\u1ec1u<\/li>\n<li><b>\u0110\u1eb7c \u0111i\u1ec3m:<\/b>\n<ul>\n<li>form \u00e1o unisex oversize th\u00edch h\u1ee3p c\u1ea3 nam v\u00e0 n\u1eef<\/li>\n<li>c\u00f4ng ngh\u1ec7 in DTG cho h\u00ecnh in s\u1eafc n\u00e9t, l\u00ean m\u00e0u chu\u1ea9n, kh\u00f4ng lo bong tr\u00f3c<\/li>\n<\/ul>\n<\/li>\n<\/ul>\n<p>Thi\u1ebft k\u1ebf Eat Sleep Rap Repeat do TRIPLE R Team th\u1ef1c hi\u1ec7n v\u1edbi kh\u1ea9u hi\u1ec7u &#8220;Reals Recognize Reals&#8221;, c\u00f3 ngh\u0129a l\u00e0 nh\u1eefng \u0111i\u1ec1u ch\u00e2n th\u1eadt s\u1ebd nh\u1eadn ra nhau. M\u1ea5y h\u00ecnh in th\u00ec h\u01a1i h\u01b0\u1edbng hiphop n\u00ean m\u1eb7c bao ng\u1ea7u lu\u00f4n nha.<\/p>\n","protected":false},"excerpt":{"rendered":"<ul>\n<li><b>K\u00edch th\u01b0\u1edbc:<\/b>\u00a0S,\u00a0M, L, XL<\/li>\n<li><b>M\u00e0u s\u1eafc:<\/b> tr\u1eafng, \u0111en<\/li>\n<li><b>Ch\u1ea5t li\u1ec7u:<\/b> cotton cao c\u1ea5p \u0111\u1ecbnh l\u01b0\u1ee3ng 230gsm, co gi\u00e3n 2 chi\u1ec1u<\/li>\n<li><b>\u0110\u1eb7c \u0111i\u1ec3m:<\/b>\n<ul>\n<li>form \u00e1o unisex oversize th\u00edch h\u1ee3p c\u1ea3 nam v\u00e0 n\u1eef<\/li>\n<li>c\u00f4ng ngh\u1ec7 in DTG cho h\u00ecnh in s\u1eafc n\u00e9t, l\u00ean m\u00e0u chu\u1ea9n, kh\u00f4ng lo bong tr\u00f3c<\/li>\n<\/ul>\n<\/li>\n<\/ul>\n","protected":false},"featured_media":1511,"comment_status":"open","ping_status":"closed","template":"","meta":{"_glsr_average":0,"_glsr_ranking":0,"_glsr_reviews":0},"product_cat":[44],"product_tag":[],"class_list":{"0":"post-1517","1":"product","2":"type-product","3":"status-publish","4":"has-post-thumbnail","6":"product_cat-san-pham-co-san","8":"first","9":"instock","10":"sale","11":"shipping-taxable","12":"purchasable","13":"product-type-simple"},"_links":{"self":[{"href":"https:\/\/totobaggu.com\/index.php?rest_route=\/wp\/v2\/product\/1517","targetHints":{"allow":["GET"]}}],"collection":[{"href":"https:\/\/totobaggu.com\/index.php?rest_route=\/wp\/v2\/product"}],"about":[{"href":"https:\/\/totobaggu.com\/index.php?rest_route=\/wp\/v2\/types\/product"}],"replies":[{"embeddable":true,"href":"https:\/\/totobaggu.com\/index.php?rest_route=%2Fwp%2Fv2%2Fcomments&post=1517"}],"wp:featuredmedia":[{"embeddable":true,"href":"https:\/\/totobaggu.com\/index.php?rest_route=\/wp\/v2\/media\/1511"}],"wp:attachment":[{"href":"https:\/\/totobaggu.com\/index.php?rest_route=%2Fwp%2Fv2%2Fmedia&parent=1517"}],"wp:term":[{"taxonomy":"product_cat","embeddable":true,"href":"https:\/\/totobaggu.com\/index.php?rest_route=%2Fwp%2Fv2%2Fproduct_cat&post=1517"},{"taxonomy":"product_tag","embeddable":true,"href":"https:\/\/totobaggu.com\/index.php?rest_route=%2Fwp%2Fv2%2Fproduct_tag&post=1517"}],"curies":[{"name":"wp","href":"https:\/\/api.w.org\/{rel}","templated":true}]}}