{"id":201,"date":"2024-07-23T01:43:34","date_gmt":"2024-07-23T01:43:34","guid":{"rendered":"https:\/\/totobaggu.com\/?page_id=201"},"modified":"2024-07-24T01:28:17","modified_gmt":"2024-07-24T01:28:17","slug":"cart","status":"publish","type":"page","link":"https:\/\/totobaggu.com\/?page_id=201","title":{"rendered":"Cart"},"content":{"rendered":"\t\t<div data-elementor-type=\"wp-page\" data-elementor-id=\"201\" class=\"elementor elementor-201\" data-elementor-post-type=\"page\">\n\t\t\t\t<div class=\"elementor-element elementor-element-5c55642 e-flex e-con-boxed e-con e-parent\" data-id=\"5c55642\" data-element_type=\"container\">\n\t\t\t\t\t<div class=\"e-con-inner\">\n\t\t<div class=\"elementor-element elementor-element-eb993e2 e-con-full e-flex e-con e-child\" data-id=\"eb993e2\" data-element_type=\"container\">\n\t\t\t\t<div class=\"elementor-element elementor-element-b1f69b0 e-cart-empty-template-active e-cart-layout-two-column elementor-widget elementor-widget-woocommerce-cart\" data-id=\"b1f69b0\" data-element_type=\"widget\" data-settings=\"{&quot;update_cart_automatically&quot;:&quot;yes&quot;,&quot;sticky_right_column&quot;:&quot;yes&quot;,&quot;sticky_right_column_offset&quot;:0}\" data-widget_type=\"woocommerce-cart.default\">\n\t\t\t\t<div class=\"elementor-widget-container\">\n\t\t\t<link rel=\"stylesheet\" href=\"https:\/\/totobaggu.com\/wp-content\/plugins\/elementor-pro\/assets\/css\/widget-woocommerce.min.css\"><div class=\"woocommerce\"><div class=\"woocommerce-notices-wrapper\"><\/div><div class=\"wc-empty-cart-message\">\n\t<div class=\"cart-empty woocommerce-info\">\n\t\tYour cart is currently empty.\t<\/div>\n<\/div>\t<p class=\"return-to-shop\">\n\t\t<a class=\"button wc-backward\" href=\"https:\/\/totobaggu.com\/?page_id=199\">\n\t\t\tReturn to shop\t\t<\/a>\n\t<\/p>\n<\/div>\t\t<\/div>\n\t\t\t\t<\/div>\n\t\t\t\t<\/div>\n\t\t\t\t\t<\/div>\n\t\t\t\t<\/div>\n\t\t\t\t<\/div>\n\t\t","protected":false},"excerpt":{"rendered":"<p>X\u00f3a s\u1ea3n ph\u1ea9m H\u00ecnh \u1ea3nh thu nh\u1ecf S\u1ea3n ph\u1ea9m Gi\u00e1 S\u1ed1 l\u01b0\u1ee3ng T\u1ea1m t\u00ednh &times; M\u1eabu 4 10.000&nbsp;&#8363; M\u1eabu 4 s\u1ed1 l\u01b0\u1ee3ng 20.000&nbsp;&#8363; Apply coupon Cart Totals T\u1ea1m t\u00ednh 20.000&nbsp;&#8363; Giao h\u00e0ng Nh\u1eadp \u0111\u1ecba ch\u1ec9 c\u1ee7a b\u1ea1n \u0111\u1ec3 xem c\u00e1c t\u00f9y ch\u1ecdn v\u1eadn chuy\u1ec3n. T\u00ednh ph\u00ed giao h\u00e0ng Qu\u1ed1c gia \/ Khu v\u1ef1c: Ch\u1ecdn Qu\u1ed1c [&hellip;]<\/p>\n","protected":false},"author":1,"featured_media":0,"parent":0,"menu_order":0,"comment_status":"closed","ping_status":"closed","template":"","meta":{"_glsr_average":0,"_glsr_ranking":0,"_glsr_reviews":0,"footnotes":""},"class_list":["post-201","page","type-page","status-publish","hentry"],"rttpg_featured_image_url":null,"rttpg_author":{"display_name":"totobaggu","author_link":"https:\/\/totobaggu.com\/?author=1"},"rttpg_comment":0,"rttpg_category":null,"rttpg_excerpt":"X\u00f3a s\u1ea3n ph\u1ea9m H\u00ecnh \u1ea3nh thu nh\u1ecf S\u1ea3n ph\u1ea9m Gi\u00e1 S\u1ed1 l\u01b0\u1ee3ng T\u1ea1m t\u00ednh &times; M\u1eabu 4 10.000&nbsp;&#8363; M\u1eabu 4 s\u1ed1 l\u01b0\u1ee3ng 20.000&nbsp;&#8363; Apply coupon Cart Totals T\u1ea1m t\u00ednh 20.000&nbsp;&#8363; Giao h\u00e0ng Nh\u1eadp \u0111\u1ecba ch\u1ec9 c\u1ee7a b\u1ea1n \u0111\u1ec3 xem c\u00e1c t\u00f9y ch\u1ecdn v\u1eadn chuy\u1ec3n. T\u00ednh ph\u00ed giao h\u00e0ng Qu\u1ed1c gia \/ Khu v\u1ef1c: Ch\u1ecdn Qu\u1ed1c&hellip;","_links":{"self":[{"href":"https:\/\/totobaggu.com\/index.php?rest_route=\/wp\/v2\/pages\/201","targetHints":{"allow":["GET"]}}],"collection":[{"href":"https:\/\/totobaggu.com\/index.php?rest_route=\/wp\/v2\/pages"}],"about":[{"href":"https:\/\/totobaggu.com\/index.php?rest_route=\/wp\/v2\/types\/page"}],"author":[{"embeddable":true,"href":"https:\/\/totobaggu.com\/index.php?rest_route=\/wp\/v2\/users\/1"}],"replies":[{"embeddable":true,"href":"https:\/\/totobaggu.com\/index.php?rest_route=%2Fwp%2Fv2%2Fcomments&post=201"}],"version-history":[{"count":21,"href":"https:\/\/totobaggu.com\/index.php?rest_route=\/wp\/v2\/pages\/201\/revisions"}],"predecessor-version":[{"id":352,"href":"https:\/\/totobaggu.com\/index.php?rest_route=\/wp\/v2\/pages\/201\/revisions\/352"}],"wp:attachment":[{"href":"https:\/\/totobaggu.com\/index.php?rest_route=%2Fwp%2Fv2%2Fmedia&parent=201"}],"curies":[{"name":"wp","href":"https:\/\/api.w.org\/{rel}","templated":true}]}}