{"id":164,"date":"2024-07-18T23:24:32","date_gmt":"2024-07-18T23:24:32","guid":{"rendered":"https:\/\/totobaggu.com\/?page_id=164"},"modified":"2024-11-11T15:34:25","modified_gmt":"2024-11-11T15:34:25","slug":"about-us","status":"publish","type":"page","link":"https:\/\/totobaggu.com\/?page_id=164","title":{"rendered":"About Us"},"content":{"rendered":"\t\t<div data-elementor-type=\"wp-page\" data-elementor-id=\"164\" class=\"elementor elementor-164\" data-elementor-post-type=\"page\">\n\t\t\t\t<div class=\"elementor-element elementor-element-5b22551 e-flex e-con-boxed e-con e-parent\" data-id=\"5b22551\" data-element_type=\"container\" id=\"scrollup\" data-settings=\"{&quot;background_background&quot;:&quot;gradient&quot;}\">\n\t\t\t\t\t<div class=\"e-con-inner\">\n\t\t\t\t<div class=\"elementor-element elementor-element-90b34f6 animated-slow elementor-invisible elementor-widget elementor-widget-heading\" data-id=\"90b34f6\" data-element_type=\"widget\" data-settings=\"{&quot;_animation&quot;:&quot;fadeIn&quot;}\" data-widget_type=\"heading.default\">\n\t\t\t\t<div class=\"elementor-widget-container\">\n\t\t\t<style>\/*! elementor - v3.22.0 - 26-06-2024 *\/\n.elementor-heading-title{padding:0;margin:0;line-height:1}.elementor-widget-heading .elementor-heading-title[class*=elementor-size-]>a{color:inherit;font-size:inherit;line-height:inherit}.elementor-widget-heading .elementor-heading-title.elementor-size-small{font-size:15px}.elementor-widget-heading .elementor-heading-title.elementor-size-medium{font-size:19px}.elementor-widget-heading .elementor-heading-title.elementor-size-large{font-size:29px}.elementor-widget-heading .elementor-heading-title.elementor-size-xl{font-size:39px}.elementor-widget-heading .elementor-heading-title.elementor-size-xxl{font-size:59px}<\/style><h2 class=\"elementor-heading-title elementor-size-default\">About Us<\/h2>\t\t<\/div>\n\t\t\t\t<\/div>\n\t\t\t\t\t<\/div>\n\t\t\t\t<\/div>\n\t\t<div class=\"elementor-element elementor-element-e4dc00f e-flex e-con-boxed e-con e-parent\" data-id=\"e4dc00f\" data-element_type=\"container\" data-settings=\"{&quot;background_background&quot;:&quot;gradient&quot;}\">\n\t\t\t\t\t<div class=\"e-con-inner\">\n\t\t<div class=\"elementor-element elementor-element-51e9784 e-con-full e-flex e-con e-child\" data-id=\"51e9784\" data-element_type=\"container\">\n\t\t\t\t<div class=\"elementor-element elementor-element-e1e185f elementor-widget elementor-widget-heading\" data-id=\"e1e185f\" data-element_type=\"widget\" data-widget_type=\"heading.default\">\n\t\t\t\t<div class=\"elementor-widget-container\">\n\t\t\t<h2 class=\"elementor-heading-title elementor-size-default\">C\u00e2u chuy\u1ec7n c\u1ee7a Toto.baggu<\/h2>\t\t<\/div>\n\t\t\t\t<\/div>\n\t\t\t\t<div class=\"elementor-element elementor-element-a14d3a7 elementor-widget elementor-widget-text-editor\" data-id=\"a14d3a7\" data-element_type=\"widget\" data-widget_type=\"text-editor.default\">\n\t\t\t\t<div class=\"elementor-widget-container\">\n\t\t\t<style>\/*! elementor - v3.22.0 - 26-06-2024 *\/\n.elementor-widget-text-editor.elementor-drop-cap-view-stacked .elementor-drop-cap{background-color:#69727d;color:#fff}.elementor-widget-text-editor.elementor-drop-cap-view-framed .elementor-drop-cap{color:#69727d;border:3px solid;background-color:transparent}.elementor-widget-text-editor:not(.elementor-drop-cap-view-default) .elementor-drop-cap{margin-top:8px}.elementor-widget-text-editor:not(.elementor-drop-cap-view-default) .elementor-drop-cap-letter{width:1em;height:1em}.elementor-widget-text-editor .elementor-drop-cap{float:left;text-align:center;line-height:1;font-size:50px}.elementor-widget-text-editor .elementor-drop-cap-letter{display:inline-block}<\/style>\t\t\t\t<p dir=\"ltr\" style=\"line-height: 1.38; margin-top: 0pt; margin-bottom: 0pt;\">Toto.baggu ra m\u1eaft v\u00e0o n\u0103m 2023 v\u1edbi s\u1ea3n ph\u1ea9m \u0111\u1ea7u ti\u00ean v\u00e0 \u0111\u1ebfn nay v\u1eabn \u0111\u1ee9ng t\u1ed1p doanh s\u1ed1 ch\u00ednh l\u00e0 nh\u1eefng chi\u1ebfc t\u00fai tote in theo y\u00eau c\u1ea7u. T\u1eeb \u0111\u00f3 \u0111\u1ebfn nay Toto \u0111\u00e3 in \u1ea5n h\u00e0ng ngh\u00ecn s\u1ea3n ph\u1ea9m t\u01b0\u01a1ng \u0111\u01b0\u01a1ng v\u1edbi h\u00e0ng ngh\u00ecn g\u00f3i qu\u00e0 cho c\u00e1c kh\u00e1ch y\u00eau.<\/p><p dir=\"ltr\">\u00a0<\/p><p dir=\"ltr\" style=\"line-height: 1.38; margin-top: 0pt; margin-bottom: 0pt;\">H\u00e0nh tr\u00ecnh c\u1ee7a Toto.baggu y\u00eau th\u01b0\u01a1ng \u0111\u00e3 \u0111i xa h\u01a1n, kh\u00f4ng ch\u1ec9 d\u1eebng l\u1ea1i \u1edf nh\u1eefng chi\u1ebfc t\u00fai, m\u00e0 l\u00e0 nhi\u1ec1u h\u01a1n c\u00e1c s\u1ea3n ph\u1ea9m c\u00e1 nh\u00e2n ho\u00e1.<br \/>M\u00ecnh hi\u1ec3u m\u1ed9t m\u00f3n qu\u00e0 kh\u00f4ng ch\u1ec9 mang \u00fd ngh\u0129a trao t\u1eb7ng t\u00ecnh c\u1ea3m, m\u00e0 c\u00f2n l\u00e0 m\u1ed9t k\u1ef7 ni\u1ec7m \u0111\u1ec3 ch\u00fang ta nh\u1edb v\u1ec1 nhau. B\u1ea1n c\u00f3 th\u1ec3 ch\u1ecdn m\u1ed9t chi\u1ebfc t\u00fai tote \u0111\u1ec3 ch\u1ee9a \u0111\u1ef1ng nhi\u1ec1u ni\u1ec1m vui trong ng\u00e0y, c\u0169ng c\u00f3 th\u1ec3 l\u00e0 chi\u1ebfc khung \u1ea3nh \u0111\u01b0\u1ee3c \u0111\u1eb7t tr\u00ean b\u00e0n h\u1ecdc, chi\u1ebfc pad chu\u1ed9t d\u1ec5 th\u01b0\u01a1ng n\u01a1i g\u00f3c b\u00e0n<br \/>l\u00e0m vi\u1ec7c, hay chi\u1ebfc m\u00f3c kho\u00e1 theo b\u1ea1n kh\u1eafp m\u1ecdi n\u01a1i\u2026<\/p><p dir=\"ltr\">\u00a0<\/p><p dir=\"ltr\" style=\"line-height: 1.38; margin-top: 0pt; margin-bottom: 0pt;\">\u0110\u1ebfn v\u1edbi Totobaggu nh\u00e9, b\u1ea1n ch\u1eafc ch\u1eafn s\u1ebd t\u00ecm \u0111\u01b0\u1ee3c m\u1ed9t s\u1ea3n ph\u1ea9m \u01b0ng \u00fd cho b\u1ea3n th\u00e2n hay l\u00e0m qu\u00e0 t\u1eb7ng cho nh\u1eefng ng\u01b0\u1eddi th\u00e2n y\u00eau.<br \/>M\u00ecnh \u0111\u1ea3m b\u1ea3o \u0111\u1ea5y!<\/p><p dir=\"ltr\" style=\"line-height: 1.38; margin-top: 0pt; margin-bottom: 0pt;\">Y\u00eau,<br \/>Dung l\u00e0m t\u00fai<\/p>\t\t\t\t\t\t<\/div>\n\t\t\t\t<\/div>\n\t\t\t\t<\/div>\n\t\t<div class=\"elementor-element elementor-element-949ad54 e-con-full e-flex e-con e-child\" data-id=\"949ad54\" data-element_type=\"container\">\n\t\t\t\t<div class=\"elementor-element elementor-element-7eab1db elementor-widget elementor-widget-image\" data-id=\"7eab1db\" data-element_type=\"widget\" data-widget_type=\"image.default\">\n\t\t\t\t<div class=\"elementor-widget-container\">\n\t\t\t<style>\/*! elementor - v3.22.0 - 26-06-2024 *\/\n.elementor-widget-image{text-align:center}.elementor-widget-image a{display:inline-block}.elementor-widget-image a img[src$=\".svg\"]{width:48px}.elementor-widget-image img{vertical-align:middle;display:inline-block}<\/style>\t\t\t\t\t\t\t\t\t\t<img fetchpriority=\"high\" decoding=\"async\" width=\"800\" height=\"800\" src=\"https:\/\/totobaggu.com\/wp-content\/uploads\/2024\/08\/Tui-bau-2-1024x1024.jpg\" class=\"attachment-large size-large wp-image-704\" alt=\"\" \/>\t\t\t\t\t\t\t\t\t\t\t\t\t<\/div>\n\t\t\t\t<\/div>\n\t\t\t\t<\/div>\n\t\t\t\t\t<\/div>\n\t\t\t\t<\/div>\n\t\t<div class=\"elementor-element elementor-element-9ba25ab e-con-full animated-fast e-flex elementor-invisible e-con e-parent\" data-id=\"9ba25ab\" data-element_type=\"container\" data-settings=\"{&quot;background_background&quot;:&quot;gradient&quot;,&quot;animation&quot;:&quot;fadeIn&quot;}\">\n\t\t\t\t<div class=\"elementor-element elementor-element-f01148f elementor-widget__width-initial elementor-widget elementor-widget-text-editor\" data-id=\"f01148f\" data-element_type=\"widget\" data-widget_type=\"text-editor.default\">\n\t\t\t\t<div class=\"elementor-widget-container\">\n\t\t\t\t\t\t\t<p>T\u1ea1i Toto.baggu, m\u1ed7i g\u00f3i h\u00e0ng g\u1eedi \u0111i l\u00e0 m\u1ed9t chi\u1ebfc h\u1ed9p h\u00e1o h\u1ee9c m\u00e0 b\u1ea1n hay ng\u01b0\u1eddi th\u00e2n c\u1ee7a b\u1ea1n ch\u1eafc ch\u1eafn s\u1ebd h\u1ea1nh ph\u00fac khi nh\u1eadn \u0111\u01b0\u1ee3c.<\/p>\t\t\t\t\t\t<\/div>\n\t\t\t\t<\/div>\n\t\t\t\t<\/div>\n\t\t<div class=\"elementor-element elementor-element-307ddcf e-flex e-con-boxed e-con e-parent\" data-id=\"307ddcf\" data-element_type=\"container\">\n\t\t\t\t\t<div class=\"e-con-inner\">\n\t\t<div class=\"elementor-element elementor-element-fc73425 e-con-full e-flex e-con e-child\" data-id=\"fc73425\" data-element_type=\"container\">\n\t\t\t\t<div class=\"elementor-element elementor-element-1545284 elementor-widget elementor-widget-heading\" data-id=\"1545284\" data-element_type=\"widget\" data-widget_type=\"heading.default\">\n\t\t\t\t<div class=\"elementor-widget-container\">\n\t\t\t<h2 class=\"elementor-heading-title elementor-size-default\">\u0110i\u1ec1u g\u00ec khi\u1ebfn Toto.baggu \u0111\u1eb7c bi\u1ec7t?<\/h2>\t\t<\/div>\n\t\t\t\t<\/div>\n\t\t\t\t<\/div>\n\t\t<div class=\"elementor-element elementor-element-f20e707 e-con-full e-flex e-con e-child\" data-id=\"f20e707\" data-element_type=\"container\">\n\t\t<div class=\"elementor-element elementor-element-48bd406 e-con-full e-flex e-con e-child\" data-id=\"48bd406\" data-element_type=\"container\" data-settings=\"{&quot;background_background&quot;:&quot;gradient&quot;}\">\n\t\t\t\t<div class=\"elementor-element elementor-element-bdb7f0e elementor-widget elementor-widget-heading\" data-id=\"bdb7f0e\" data-element_type=\"widget\" data-widget_type=\"heading.default\">\n\t\t\t\t<div class=\"elementor-widget-container\">\n\t\t\t<h2 class=\"elementor-heading-title elementor-size-default\">T\u00ednh \u0111\u1ed9c b\u1ea3n\n<\/h2>\t\t<\/div>\n\t\t\t\t<\/div>\n\t\t\t\t<div class=\"elementor-element elementor-element-cdbbe4a elementor-widget elementor-widget-text-editor\" data-id=\"cdbbe4a\" data-element_type=\"widget\" data-widget_type=\"text-editor.default\">\n\t\t\t\t<div class=\"elementor-widget-container\">\n\t\t\t\t\t\t\t<p>S\u1ea3n xu\u1ea5t theo \u0111\u01a1n \u0111\u1eb7t h\u00e0ng, custom theo \u1ea3nh b\u1ea1n g\u1eedi n\u00ean ch\u1ec9 m\u00ecnh b\u1ea1n c\u00f3 quy\u1ec1n s\u1edf h\u1eefu<br \/>artwork \u0111\u00f3.<\/p>\t\t\t\t\t\t<\/div>\n\t\t\t\t<\/div>\n\t\t\t\t<\/div>\n\t\t<div class=\"elementor-element elementor-element-92d626b e-con-full e-flex e-con e-child\" data-id=\"92d626b\" data-element_type=\"container\" data-settings=\"{&quot;background_background&quot;:&quot;gradient&quot;}\">\n\t\t\t\t<div class=\"elementor-element elementor-element-f6541d4 elementor-widget elementor-widget-heading\" data-id=\"f6541d4\" data-element_type=\"widget\" data-widget_type=\"heading.default\">\n\t\t\t\t<div class=\"elementor-widget-container\">\n\t\t\t<h2 class=\"elementor-heading-title elementor-size-default\">Thi\u1ebft k\u1ebf \u0111\u1ed9c \u0111\u00e1o<\/h2>\t\t<\/div>\n\t\t\t\t<\/div>\n\t\t\t\t<div class=\"elementor-element elementor-element-1fb218f elementor-widget elementor-widget-text-editor\" data-id=\"1fb218f\" data-element_type=\"widget\" data-widget_type=\"text-editor.default\">\n\t\t\t\t<div class=\"elementor-widget-container\">\n\t\t\t\t\t\t\t<p>Thi\u1ebft k\u1ebf nhanh g\u1ecdn v\u00e0 ho\u00e0n to\u00e0n mi\u1ec5n ph\u00ed v\u1edbi nh\u1eefng y\u00eau c\u1ea7u \u0111\u01a1n gi\u1ea3n v\u00e0 s\u1eed d\u1ee5ng h\u00ecnh ho\u1ea1 c\u00f3 s\u1eb5n.<\/p><p>Thi\u1ebft k\u1ebf custom \u0111\u1ed9c \u0111\u00e1o ch\u1ec9 t\u1eeb 3- 7 ng\u00e0y t\u1eeb \u1ea3nh c\u1ee7a b\u1ea1n v\u1edbi nhi\u1ec1u phong c\u00e1ch ho\u1ea1t h\u00ecnh d\u1ec5 th\u01b0\u01a1ng.<\/p>\t\t\t\t\t\t<\/div>\n\t\t\t\t<\/div>\n\t\t\t\t<\/div>\n\t\t<div class=\"elementor-element elementor-element-8f9187e e-con-full e-flex e-con e-child\" data-id=\"8f9187e\" data-element_type=\"container\" data-settings=\"{&quot;background_background&quot;:&quot;gradient&quot;}\">\n\t\t\t\t<div class=\"elementor-element elementor-element-2d7d499 elementor-widget elementor-widget-heading\" data-id=\"2d7d499\" data-element_type=\"widget\" data-widget_type=\"heading.default\">\n\t\t\t\t<div class=\"elementor-widget-container\">\n\t\t\t<h2 class=\"elementor-heading-title elementor-size-default\">\u0110a d\u1ea1ng s\u1ea3n ph\u1ea9m\n<\/h2>\t\t<\/div>\n\t\t\t\t<\/div>\n\t\t\t\t<div class=\"elementor-element elementor-element-0d90a2e elementor-widget elementor-widget-text-editor\" data-id=\"0d90a2e\" data-element_type=\"widget\" data-widget_type=\"text-editor.default\">\n\t\t\t\t<div class=\"elementor-widget-container\">\n\t\t\t\t\t\t\t<div id=\"shopify-section-template--15648073351300__4382dc53-d380-4119-8ca5-ba3f6a7a8e73\" class=\"shopify-section cc-multi-column\"><div id=\"template--15648073351300__4382dc53-d380-4119-8ca5-ba3f6a7a8e73\" class=\"section\"><div class=\"container\"><div class=\"card color-scheme color-scheme--1 relative flex flex-col h-full\"><div class=\"card__info flex flex-col flex-auto items-start pt-6 text-center items-center\"><div class=\"card__rte flex-auto rte\"><p>\u0110a d\u1ea1ng s\u1ea3n ph\u1ea9m in \u1ea5n v\u1edbi gi\u00e1 t\u1eeb 35k g\u1ed3m: \u00e1o thun, t\u00fai tote, pad chu\u1ed9t, ly s\u1ee9, l\u00f3t ly, tranh canvas, puzzle, m\u00f3c kho\u00e1, v\u1ecf h\u1ed9 chi\u1ebfu\u2026<br \/>cho b\u1ea1n d\u1ec5 d\u00e0ng \u0111\u1eb7t combo qu\u00e0 t\u1eb7ng cho b\u1ea1n b\u00e8, ng\u01b0\u1eddi th\u00e2n hay \u0111\u1ed3ng nghi\u1ec7p.<\/p><\/div><\/div><\/div><\/div><\/div><\/div><section id=\"shopify-section-template--15648073351300__80bc108f-146d-4213-af2b-6d3df65653d9\" class=\"shopify-section cc-gallery\"><div class=\"section\"><div class=\"container\"><div class=\"section__header items-center flex flex-row flex-wrap gap-x-theme cc-animate-init cc-animate-in\" data-cc-animate=\"\">\u00a0<\/div><\/div><\/div><\/section>\t\t\t\t\t\t<\/div>\n\t\t\t\t<\/div>\n\t\t\t\t<\/div>\n\t\t\t\t<\/div>\n\t\t\t\t\t<\/div>\n\t\t\t\t<\/div>\n\t\t<div class=\"elementor-element elementor-element-b4a07fd e-flex e-con-boxed e-con e-parent\" data-id=\"b4a07fd\" data-element_type=\"container\">\n\t\t\t\t\t<div class=\"e-con-inner\">\n\t\t<div class=\"elementor-element elementor-element-ca0ea38 e-con-full e-flex e-con e-child\" data-id=\"ca0ea38\" data-element_type=\"container\">\n\t\t\t\t<div class=\"elementor-element elementor-element-fc8fec3 elementor-widget elementor-widget-heading\" data-id=\"fc8fec3\" data-element_type=\"widget\" data-widget_type=\"heading.default\">\n\t\t\t\t<div class=\"elementor-widget-container\">\n\t\t\t<h2 class=\"elementor-heading-title elementor-size-default\">C\u00e1c s\u1ea3n ph\u1ea9m c\u1ee7a Toto.baggu<\/h2>\t\t<\/div>\n\t\t\t\t<\/div>\n\t\t\t\t<\/div>\n\t\t<div class=\"elementor-element elementor-element-6538283 e-con-full e-flex e-con e-child\" data-id=\"6538283\" data-element_type=\"container\">\n\t\t<div class=\"elementor-element elementor-element-c6cb1a8 e-con-full e-flex e-con e-child\" data-id=\"c6cb1a8\" data-element_type=\"container\" data-settings=\"{&quot;background_background&quot;:&quot;classic&quot;}\">\n\t\t\t\t<div class=\"elementor-element elementor-element-0fdc71f elementor-widget elementor-widget-image\" data-id=\"0fdc71f\" data-element_type=\"widget\" data-widget_type=\"image.default\">\n\t\t\t\t<div class=\"elementor-widget-container\">\n\t\t\t\t\t\t\t\t\t\t\t\t\t<img decoding=\"async\" width=\"703\" height=\"702\" src=\"https:\/\/totobaggu.com\/wp-content\/uploads\/2024\/11\/tui-tote.png\" class=\"attachment-large size-large wp-image-1814\" alt=\"\" \/>\t\t\t\t\t\t\t\t\t\t\t\t\t<\/div>\n\t\t\t\t<\/div>\n\t\t\t\t<\/div>\n\t\t<div class=\"elementor-element elementor-element-8db5e17 e-con-full e-flex e-con e-child\" data-id=\"8db5e17\" data-element_type=\"container\">\n\t\t<div class=\"elementor-element elementor-element-18beadf e-con-full e-flex e-con e-child\" data-id=\"18beadf\" data-element_type=\"container\">\n\t\t<div class=\"elementor-element elementor-element-b4a323f e-con-full e-flex e-con e-child\" data-id=\"b4a323f\" data-element_type=\"container\" data-settings=\"{&quot;background_background&quot;:&quot;classic&quot;}\">\n\t\t\t\t<div class=\"elementor-element elementor-element-d719bc4 elementor-widget elementor-widget-image\" data-id=\"d719bc4\" data-element_type=\"widget\" data-widget_type=\"image.default\">\n\t\t\t\t<div class=\"elementor-widget-container\">\n\t\t\t\t\t\t\t\t\t\t\t\t\t<img decoding=\"async\" width=\"391\" height=\"288\" src=\"https:\/\/totobaggu.com\/wp-content\/uploads\/2024\/11\/lysu.png\" class=\"attachment-full size-full wp-image-1815\" alt=\"\" \/>\t\t\t\t\t\t\t\t\t\t\t\t\t<\/div>\n\t\t\t\t<\/div>\n\t\t\t\t<\/div>\n\t\t<div class=\"elementor-element elementor-element-e57c010 e-con-full e-flex e-con e-child\" data-id=\"e57c010\" data-element_type=\"container\" data-settings=\"{&quot;background_background&quot;:&quot;classic&quot;}\">\n\t\t\t\t<div class=\"elementor-element elementor-element-aac3cc6 elementor-widget elementor-widget-image\" data-id=\"aac3cc6\" data-element_type=\"widget\" data-widget_type=\"image.default\">\n\t\t\t\t<div class=\"elementor-widget-container\">\n\t\t\t\t\t\t\t\t\t\t\t\t\t<img loading=\"lazy\" decoding=\"async\" width=\"389\" height=\"288\" src=\"https:\/\/totobaggu.com\/wp-content\/uploads\/2024\/11\/padchuot.png\" class=\"attachment-large size-large wp-image-1817\" alt=\"\" \/>\t\t\t\t\t\t\t\t\t\t\t\t\t<\/div>\n\t\t\t\t<\/div>\n\t\t\t\t<\/div>\n\t\t\t\t<\/div>\n\t\t<div class=\"elementor-element elementor-element-7fd6cad e-con-full e-flex e-con e-child\" data-id=\"7fd6cad\" data-element_type=\"container\">\n\t\t<div class=\"elementor-element elementor-element-868f421 e-con-full e-flex e-con e-child\" data-id=\"868f421\" data-element_type=\"container\" data-settings=\"{&quot;background_background&quot;:&quot;classic&quot;}\">\n\t\t\t\t<div class=\"elementor-element elementor-element-52fe7a9 elementor-widget elementor-widget-image\" data-id=\"52fe7a9\" data-element_type=\"widget\" data-widget_type=\"image.default\">\n\t\t\t\t<div class=\"elementor-widget-container\">\n\t\t\t\t\t\t\t\t\t\t\t\t\t<img loading=\"lazy\" decoding=\"async\" width=\"385\" height=\"390\" src=\"https:\/\/totobaggu.com\/wp-content\/uploads\/2024\/11\/vohochieu.png\" class=\"attachment-large size-large wp-image-1818\" alt=\"\" \/>\t\t\t\t\t\t\t\t\t\t\t\t\t<\/div>\n\t\t\t\t<\/div>\n\t\t\t\t<\/div>\n\t\t<div class=\"elementor-element elementor-element-6c45b52 e-con-full e-flex e-con e-child\" data-id=\"6c45b52\" data-element_type=\"container\" data-settings=\"{&quot;background_background&quot;:&quot;classic&quot;}\">\n\t\t\t\t<div class=\"elementor-element elementor-element-04f92ff elementor-widget elementor-widget-image\" data-id=\"04f92ff\" data-element_type=\"widget\" data-widget_type=\"image.default\">\n\t\t\t\t<div class=\"elementor-widget-container\">\n\t\t\t\t\t\t\t\t\t\t\t\t\t<img loading=\"lazy\" decoding=\"async\" width=\"389\" height=\"390\" src=\"https:\/\/totobaggu.com\/wp-content\/uploads\/2024\/11\/tranhcanvas.png\" class=\"attachment-large size-large wp-image-1819\" alt=\"\" \/>\t\t\t\t\t\t\t\t\t\t\t\t\t<\/div>\n\t\t\t\t<\/div>\n\t\t\t\t<\/div>\n\t\t\t\t<\/div>\n\t\t\t\t<\/div>\n\t\t\t\t<\/div>\n\t\t\t\t\t<\/div>\n\t\t\t\t<\/div>\n\t\t<div class=\"elementor-element elementor-element-f3702cf e-flex e-con-boxed e-con e-parent\" data-id=\"f3702cf\" data-element_type=\"container\">\n\t\t\t\t\t<div class=\"e-con-inner\">\n\t\t\t\t<div class=\"elementor-element elementor-element-7275c7a elementor-widget elementor-widget-heading\" data-id=\"7275c7a\" data-element_type=\"widget\" data-widget_type=\"heading.default\">\n\t\t\t\t<div class=\"elementor-widget-container\">\n\t\t\t<h2 class=\"elementor-heading-title elementor-size-default\"><a href=\"#scrollup\">Back to top<\/a><\/h2>\t\t<\/div>\n\t\t\t\t<\/div>\n\t\t\t\t<div class=\"elementor-element elementor-element-fc71d03 elementor-view-default elementor-widget elementor-widget-icon\" data-id=\"fc71d03\" data-element_type=\"widget\" data-widget_type=\"icon.default\">\n\t\t\t\t<div class=\"elementor-widget-container\">\n\t\t\t\t\t<div class=\"elementor-icon-wrapper\">\n\t\t\t<a class=\"elementor-icon\" href=\"#scrollup\">\n\t\t\t<svg aria-hidden=\"true\" class=\"e-font-icon-svg e-fas-arrow-alt-circle-up\" viewBox=\"0 0 512 512\" xmlns=\"http:\/\/www.w3.org\/2000\/svg\"><path d=\"M8 256C8 119 119 8 256 8s248 111 248 248-111 248-248 248S8 393 8 256zm292 116V256h70.9c10.7 0 16.1-13 8.5-20.5L264.5 121.2c-4.7-4.7-12.2-4.7-16.9 0l-115 114.3c-7.6 7.6-2.2 20.5 8.5 20.5H212v116c0 6.6 5.4 12 12 12h64c6.6 0 12-5.4 12-12z\"><\/path><\/svg>\t\t\t<\/a>\n\t\t<\/div>\n\t\t\t\t<\/div>\n\t\t\t\t<\/div>\n\t\t\t\t\t<\/div>\n\t\t\t\t<\/div>\n\t\t\t\t<\/div>\n\t\t","protected":false},"excerpt":{"rendered":"<p>About Us C\u00e2u chuy\u1ec7n c\u1ee7a Toto.baggu Toto.baggu ra m\u1eaft v\u00e0o n\u0103m 2023 v\u1edbi s\u1ea3n ph\u1ea9m \u0111\u1ea7u ti\u00ean v\u00e0 \u0111\u1ebfn nay v\u1eabn \u0111\u1ee9ng t\u1ed1p doanh s\u1ed1 ch\u00ednh l\u00e0 nh\u1eefng chi\u1ebfc t\u00fai tote in theo y\u00eau c\u1ea7u. T\u1eeb \u0111\u00f3 \u0111\u1ebfn nay Toto \u0111\u00e3 in \u1ea5n h\u00e0ng ngh\u00ecn s\u1ea3n ph\u1ea9m t\u01b0\u01a1ng \u0111\u01b0\u01a1ng v\u1edbi h\u00e0ng ngh\u00ecn g\u00f3i qu\u00e0 cho [&hellip;]<\/p>\n","protected":false},"author":1,"featured_media":0,"parent":0,"menu_order":0,"comment_status":"closed","ping_status":"closed","template":"","meta":{"_glsr_average":0,"_glsr_ranking":0,"_glsr_reviews":0,"footnotes":""},"class_list":["post-164","page","type-page","status-publish","hentry"],"rttpg_featured_image_url":null,"rttpg_author":{"display_name":"totobaggu","author_link":"https:\/\/totobaggu.com\/?author=1"},"rttpg_comment":0,"rttpg_category":null,"rttpg_excerpt":"About Us C\u00e2u chuy\u1ec7n c\u1ee7a Toto.baggu Toto.baggu ra m\u1eaft v\u00e0o n\u0103m 2023 v\u1edbi s\u1ea3n ph\u1ea9m \u0111\u1ea7u ti\u00ean v\u00e0 \u0111\u1ebfn nay v\u1eabn \u0111\u1ee9ng t\u1ed1p doanh s\u1ed1 ch\u00ednh l\u00e0 nh\u1eefng chi\u1ebfc t\u00fai tote in theo y\u00eau c\u1ea7u. T\u1eeb \u0111\u00f3 \u0111\u1ebfn nay Toto \u0111\u00e3 in \u1ea5n h\u00e0ng ngh\u00ecn s\u1ea3n ph\u1ea9m t\u01b0\u01a1ng \u0111\u01b0\u01a1ng v\u1edbi h\u00e0ng ngh\u00ecn g\u00f3i qu\u00e0 cho&hellip;","_links":{"self":[{"href":"https:\/\/totobaggu.com\/index.php?rest_route=\/wp\/v2\/pages\/164","targetHints":{"allow":["GET"]}}],"collection":[{"href":"https:\/\/totobaggu.com\/index.php?rest_route=\/wp\/v2\/pages"}],"about":[{"href":"https:\/\/totobaggu.com\/index.php?rest_route=\/wp\/v2\/types\/page"}],"author":[{"embeddable":true,"href":"https:\/\/totobaggu.com\/index.php?rest_route=\/wp\/v2\/users\/1"}],"replies":[{"embeddable":true,"href":"https:\/\/totobaggu.com\/index.php?rest_route=%2Fwp%2Fv2%2Fcomments&post=164"}],"version-history":[{"count":97,"href":"https:\/\/totobaggu.com\/index.php?rest_route=\/wp\/v2\/pages\/164\/revisions"}],"predecessor-version":[{"id":1849,"href":"https:\/\/totobaggu.com\/index.php?rest_route=\/wp\/v2\/pages\/164\/revisions\/1849"}],"wp:attachment":[{"href":"https:\/\/totobaggu.com\/index.php?rest_route=%2Fwp%2Fv2%2Fmedia&parent=164"}],"curies":[{"name":"wp","href":"https:\/\/api.w.org\/{rel}","templated":true}]}}